{"id":90,"date":"2019-02-18T12:13:10","date_gmt":"2019-02-18T12:13:10","guid":{"rendered":"http:\/\/www.sblapp.it\/bussola\/?post_type=product&#038;p=90"},"modified":"2023-04-09T10:52:33","modified_gmt":"2023-04-09T10:52:33","slug":"cuba-libre","status":"publish","type":"product","link":"https:\/\/www.bussolacocktaillab.it\/?product=cuba-libre","title":{"rendered":"CUBA LIBRE"},"content":{"rendered":"<p><a href=\"http:\/\/www.sblapp.it\/bussola\/wp-content\/uploads\/2019\/02\/it.png\"><img decoding=\"async\" loading=\"lazy\" class=\"alignnone wp-image-24\" src=\"http:\/\/www.sblapp.it\/bussola\/wp-content\/uploads\/2019\/02\/it-150x150.png\" alt=\"\" width=\"70\" height=\"70\" srcset=\"https:\/\/www.bussolacocktaillab.it\/wp-content\/uploads\/2019\/02\/it-150x150.png 150w, https:\/\/www.bussolacocktaillab.it\/wp-content\/uploads\/2019\/02\/it-100x100.png 100w, https:\/\/www.bussolacocktaillab.it\/wp-content\/uploads\/2019\/02\/it.png 217w\" sizes=\"(max-width: 70px) 100vw, 70px\" \/><\/a><\/p>\n<p>Uno dei drink piu vecchi del \u201clibro\u201d, tante le teorie sulla sua paternit\u00e0, risalenti addirittura al 1902, dove soldati cubani e statunitensi combattevano per liberare cuba dalla spagna, al grido di \u201c\u00a1por cuba libre!\u201d (per cuba libera!) il rum tipico cubano si mescola con la coca cola degli stati uniti, unendo simbolicamente le due nazioni spiccate note dolci della cola, con in pi\u00f9 il calore del rum, che vengono smorzate alla fine dall\u2019acidit\u00e0 del lime, un drink per rimanere in compagnia fino a tarda notte, o per rinfrescarsi nei torridi pomeriggi cubani!<\/p>\n<p>Ingredienti:<\/p>\n<ul>\n<li>rum cubano<\/li>\n<li>lime, cola<\/li>\n<li>la mano del barman<\/li>\n<\/ul>\n<p><a href=\"http:\/\/www.sblapp.it\/bussola\/wp-content\/uploads\/2019\/02\/ge.png\"><img decoding=\"async\" loading=\"lazy\" class=\"alignnone wp-image-25\" src=\"http:\/\/www.sblapp.it\/bussola\/wp-content\/uploads\/2019\/02\/ge-150x150.png\" alt=\"\" width=\"70\" height=\"70\" srcset=\"https:\/\/www.bussolacocktaillab.it\/wp-content\/uploads\/2019\/02\/ge-150x150.png 150w, https:\/\/www.bussolacocktaillab.it\/wp-content\/uploads\/2019\/02\/ge-100x100.png 100w, https:\/\/www.bussolacocktaillab.it\/wp-content\/uploads\/2019\/02\/ge.png 217w\" sizes=\"(max-width: 70px) 100vw, 70px\" \/><\/a><\/p>\n<p>Einer der \u00e4ltesten Drinks in unseren \u201cB\u00fcchern\u201d, mit einer vielzahl an Theorien zu seiner Herkunft, welche sogar bis ins Jahr 1902 zur\u00fcck reichen. Damals k\u00e4mpften kubanische und us-amerikanische Soldaten f\u00fcr die Befreiung Kubas aus spanischer Herrschaft. Dabei sollen sie \u201c<em>\u00a1Por Cuba libre!\u201d <\/em>\u00a0(F\u00fcr ein freies Kuba!) gerufen haben.<\/p>\n<p>Der typisch kubanische Rum vermischt sich mit der amerikanischen Coca Cola und Symbolisiert eine Vereinigung der beiden Nationen.<\/p>\n<p>Die bemerkenswert s\u00fc\u00dfe Note der Cola gemischt mit der W\u00e4rme des Rum und abged\u00e4mpft mit der S\u00e4ure der Limette, ergeben den perfekten Drink f\u00fcr sp\u00e4te N\u00e4chte oder als Erfrischung w\u00e4hrend der hei\u00dfen kubanischen Nachmittage.<\/p>\n<p>Zutaten:<\/p>\n<ul>\n<li>Kubanischer Rum<\/li>\n<li>Limette<\/li>\n<li>Cola<\/li>\n<li>\u2026Das Geschick des Barmanns<\/li>\n<\/ul>\n","protected":false},"excerpt":{"rendered":"<p>Uno dei drink piu vecchi del \u201clibro\u201d, tante le teorie sulla sua paternit\u00e0, risalenti addirittura al 1902, dove soldati cubani e statunitensi combattevano per liberare cuba dalla spagna, al grido di \u201c\u00a1por cuba libre!\u201d (per cuba libera!) il rum tipico cubano si mescola con la coca cola degli stati uniti, unendo simbolicamente le due nazioni [&#8230;]\n","protected":false},"featured_media":736,"template":"","meta":[],"_links":{"self":[{"href":"https:\/\/www.bussolacocktaillab.it\/index.php?rest_route=\/wp\/v2\/product\/90"}],"collection":[{"href":"https:\/\/www.bussolacocktaillab.it\/index.php?rest_route=\/wp\/v2\/product"}],"about":[{"href":"https:\/\/www.bussolacocktaillab.it\/index.php?rest_route=\/wp\/v2\/types\/product"}],"wp:featuredmedia":[{"embeddable":true,"href":"https:\/\/www.bussolacocktaillab.it\/index.php?rest_route=\/wp\/v2\/media\/736"}],"wp:attachment":[{"href":"https:\/\/www.bussolacocktaillab.it\/index.php?rest_route=%2Fwp%2Fv2%2Fmedia&parent=90"}],"curies":[{"name":"wp","href":"https:\/\/api.w.org\/{rel}","templated":true}]}}