{"id":865,"date":"2019-03-26T22:05:33","date_gmt":"2019-03-26T22:05:33","guid":{"rendered":"http:\/\/www.sblapp.it\/bussola\/?post_type=product&#038;p=865"},"modified":"2022-06-12T08:12:37","modified_gmt":"2022-06-12T08:12:37","slug":"virgin-capirina","status":"publish","type":"product","link":"https:\/\/www.bussolacocktaillab.it\/?product=virgin-capirina","title":{"rendered":"VIRGIN CAPIRINA"},"content":{"rendered":"<p><a href=\"http:\/\/www.sblapp.it\/bussola\/wp-content\/uploads\/2019\/02\/it.png\"><img decoding=\"async\" loading=\"lazy\" class=\"alignnone wp-image-24\" src=\"http:\/\/www.sblapp.it\/bussola\/wp-content\/uploads\/2019\/02\/it-150x150.png\" alt=\"\" width=\"70\" height=\"70\" srcset=\"https:\/\/www.bussolacocktaillab.it\/wp-content\/uploads\/2019\/02\/it-150x150.png 150w, https:\/\/www.bussolacocktaillab.it\/wp-content\/uploads\/2019\/02\/it-100x100.png 100w, https:\/\/www.bussolacocktaillab.it\/wp-content\/uploads\/2019\/02\/it.png 217w\" sizes=\"(max-width: 70px) 100vw, 70px\" \/><\/a><\/p>\n<p>VIRGIN CAIPIRINHA<br \/>\nquando un drink diventa sufficientemente di successo, \u00e8 inevitabile la nascita della sua versione \u201cvirgin\u201d, cio\u00e8 completamente analcolica.<br \/>\nse siete amanti del drink tipicamente brasiliano, ma per qualche motivo oggi non potete bere alcool rimarrete stupefatti dalla nostra versione analcolica.<br \/>\nlime e zucchero si sposano perfettamente dando vita ad una bevanda che non stanca mai, adatta a grandi e piccini, e sempre consigliata in favore di bevande dall\u2019impronta meno\u2026naturale.<\/p>\n<p>INGREDIENTI:<br \/>\n\u2022 lime fresco<br \/>\n\u2022 zucchero di canna grezzo<br \/>\n\u2022 \u2026..la mano del barman<\/p>\n<p><a href=\"http:\/\/www.sblapp.it\/bussola\/wp-content\/uploads\/2019\/02\/ge.png\"><img decoding=\"async\" loading=\"lazy\" class=\"alignnone wp-image-25\" src=\"http:\/\/www.sblapp.it\/bussola\/wp-content\/uploads\/2019\/02\/ge-150x150.png\" alt=\"\" width=\"70\" height=\"70\" srcset=\"https:\/\/www.bussolacocktaillab.it\/wp-content\/uploads\/2019\/02\/ge-150x150.png 150w, https:\/\/www.bussolacocktaillab.it\/wp-content\/uploads\/2019\/02\/ge-100x100.png 100w, https:\/\/www.bussolacocktaillab.it\/wp-content\/uploads\/2019\/02\/ge.png 217w\" sizes=\"(max-width: 70px) 100vw, 70px\" \/><\/a><\/p>\n<p>Wenn ein Drink einen gewissen Erfolg erlebt hat, ist die Enstehung einer \u201cVirgin\u201d, also einer alkoholfreien Version, unvermeidlich.<br \/>\nWenn Sie Liebhaber des typisch brasilianischen Drinks sind, aber heute keinen Alkohol trinken k\u00f6nnen oder wollen, werden Sie von unserer alkoholfreien Version verbl\u00fcfft sein.<br \/>\nLimette und Zucker vereinen sich perfekt und schenken diesem Drink einen niemals langweilig werdenden Geschmack.<br \/>\nF\u00fcr Gro\u00df und Klein! Eine gesunde Alternative zu weniger nat\u00fcrlichen Getr\u00e4nken.<\/p>\n<p>ZUTATEN:<br \/>\n\u2022 frische Limette<br \/>\n\u2022 Rohrzucker<br \/>\n\u2022 \u2026Das Geschick des Barmanns<\/p>\n","protected":false},"excerpt":{"rendered":"<p>VIRGIN CAIPIRINHA quando un drink diventa sufficientemente di successo, \u00e8 inevitabile la nascita della sua versione \u201cvirgin\u201d, cio\u00e8 completamente analcolica. se siete amanti del drink tipicamente brasiliano, ma per qualche motivo oggi non potete bere alcool rimarrete stupefatti dalla nostra versione analcolica. lime e zucchero si sposano perfettamente dando vita ad una bevanda che non [&#8230;]\n","protected":false},"featured_media":866,"template":"","meta":[],"_links":{"self":[{"href":"https:\/\/www.bussolacocktaillab.it\/index.php?rest_route=\/wp\/v2\/product\/865"}],"collection":[{"href":"https:\/\/www.bussolacocktaillab.it\/index.php?rest_route=\/wp\/v2\/product"}],"about":[{"href":"https:\/\/www.bussolacocktaillab.it\/index.php?rest_route=\/wp\/v2\/types\/product"}],"wp:featuredmedia":[{"embeddable":true,"href":"https:\/\/www.bussolacocktaillab.it\/index.php?rest_route=\/wp\/v2\/media\/866"}],"wp:attachment":[{"href":"https:\/\/www.bussolacocktaillab.it\/index.php?rest_route=%2Fwp%2Fv2%2Fmedia&parent=865"}],"curies":[{"name":"wp","href":"https:\/\/api.w.org\/{rel}","templated":true}]}}