{"id":82,"date":"2019-02-18T11:54:21","date_gmt":"2019-02-18T11:54:21","guid":{"rendered":"http:\/\/www.sblapp.it\/bussola\/?post_type=product&#038;p=82"},"modified":"2025-04-18T10:25:53","modified_gmt":"2025-04-18T10:25:53","slug":"caipirina","status":"publish","type":"product","link":"https:\/\/www.bussolacocktaillab.it\/?product=caipirina","title":{"rendered":"CAIPIRINA"},"content":{"rendered":"<p><a href=\"http:\/\/www.sblapp.it\/bussola\/wp-content\/uploads\/2019\/02\/it.png\"><img decoding=\"async\" loading=\"lazy\" class=\"alignnone wp-image-24\" src=\"http:\/\/www.sblapp.it\/bussola\/wp-content\/uploads\/2019\/02\/it-150x150.png\" alt=\"\" width=\"70\" height=\"70\" srcset=\"https:\/\/www.bussolacocktaillab.it\/wp-content\/uploads\/2019\/02\/it-150x150.png 150w, https:\/\/www.bussolacocktaillab.it\/wp-content\/uploads\/2019\/02\/it-100x100.png 100w, https:\/\/www.bussolacocktaillab.it\/wp-content\/uploads\/2019\/02\/it.png 217w\" sizes=\"(max-width: 70px) 100vw, 70px\" \/><\/a><\/p>\n<p>Un altro grande classico, direttamente dal brasile, e talmente importante che \u00e8 stata anche promulgata una legge per difenderne l\u2019originalit\u00e0. Il nome deriva dal diminutivo \u201ccaipira\u201d, che indica gli abitanti delle zone rurali e remote dello stato, a confermare lo status di questo cocktail come \u201cbevanda del popolo\u201d, grande cocktail per tutte le occasioni quindi, la cachaca solitamente molto difficile da abbinare, si esprime al massimo con tanto lime e tanto zucchero di canna grezzo. Consigliatissimo nei pomeriggi caldi per rinfrescarsi a bordo piscina!<\/p>\n<p>Ingredienti:<\/p>\n<ul>\n<li>cachaca<\/li>\n<li>lime<\/li>\n<li>zucchero<\/li>\n<li>la mano del barman<\/li>\n<\/ul>\n<p><a href=\"http:\/\/www.sblapp.it\/bussola\/wp-content\/uploads\/2019\/02\/ge.png\"><img decoding=\"async\" loading=\"lazy\" class=\"alignnone wp-image-25\" src=\"http:\/\/www.sblapp.it\/bussola\/wp-content\/uploads\/2019\/02\/ge-150x150.png\" alt=\"\" width=\"70\" height=\"70\" srcset=\"https:\/\/www.bussolacocktaillab.it\/wp-content\/uploads\/2019\/02\/ge-150x150.png 150w, https:\/\/www.bussolacocktaillab.it\/wp-content\/uploads\/2019\/02\/ge-100x100.png 100w, https:\/\/www.bussolacocktaillab.it\/wp-content\/uploads\/2019\/02\/ge.png 217w\" sizes=\"(max-width: 70px) 100vw, 70px\" \/><\/a><\/p>\n<p>Ein weiterer gro\u00dfer Klassiker, direkt aus Brasilien. Er ist derma\u00dfen wichtig, dass sogar ein Gesetz zum erhalt seiner Originalit\u00e4t verk\u00fcndet worden ist.<\/p>\n<p>Der Name leitet sich von dem Diminutiv \u201cCaipira\u201d ab und beschreibt die Bev\u00f6lkerung der l\u00e4ndlichen und abgelegenen Zonen Brasiliens. Man nennt ihn auch \u201cGetr\u00e4nk des Volkes\u201d.<\/p>\n<p>Gro\u00dfartiger Cocktail f\u00fcr jede Gelegenheit. Die Cachaca (brasilianische Spirituose aus Zuckerrohrsaft), welche normalerweise nur \u00e4u\u00dferst schwer zu kombinieren ist, kommt am besten mit viel Liemette und Rohrzucker zur Geltung.<\/p>\n<p>Besonders zu Empfehlen als Erfrischung f\u00fcr einen hei\u00dfen Nachmittag am Pool!<\/p>\n<p>Zutaten:<\/p>\n<ul>\n<li>Cachaca<\/li>\n<li>Limette<\/li>\n<li>Rohrzucker<\/li>\n<li>\u2026Das Geschick des Barmanns<\/li>\n<\/ul>\n","protected":false},"excerpt":{"rendered":"<p>Un altro grande classico, direttamente dal brasile, e talmente importante che \u00e8 stata anche promulgata una legge per difenderne l\u2019originalit\u00e0. Il nome deriva dal diminutivo \u201ccaipira\u201d, che indica gli abitanti delle zone rurali e remote dello stato, a confermare lo status di questo cocktail come \u201cbevanda del popolo\u201d, grande cocktail per tutte le occasioni quindi, [&#8230;]\n","protected":false},"featured_media":730,"template":"","meta":[],"_links":{"self":[{"href":"https:\/\/www.bussolacocktaillab.it\/index.php?rest_route=\/wp\/v2\/product\/82"}],"collection":[{"href":"https:\/\/www.bussolacocktaillab.it\/index.php?rest_route=\/wp\/v2\/product"}],"about":[{"href":"https:\/\/www.bussolacocktaillab.it\/index.php?rest_route=\/wp\/v2\/types\/product"}],"wp:featuredmedia":[{"embeddable":true,"href":"https:\/\/www.bussolacocktaillab.it\/index.php?rest_route=\/wp\/v2\/media\/730"}],"wp:attachment":[{"href":"https:\/\/www.bussolacocktaillab.it\/index.php?rest_route=%2Fwp%2Fv2%2Fmedia&parent=82"}],"curies":[{"name":"wp","href":"https:\/\/api.w.org\/{rel}","templated":true}]}}