{"id":76,"date":"2019-02-18T11:43:56","date_gmt":"2019-02-18T11:43:56","guid":{"rendered":"http:\/\/www.sblapp.it\/bussola\/?post_type=product&#038;p=76"},"modified":"2023-04-09T10:54:07","modified_gmt":"2023-04-09T10:54:07","slug":"margarita","status":"publish","type":"product","link":"https:\/\/www.bussolacocktaillab.it\/?product=margarita","title":{"rendered":"MARGARITA"},"content":{"rendered":"<p><a href=\"http:\/\/www.sblapp.it\/bussola\/wp-content\/uploads\/2019\/02\/it.png\"><img decoding=\"async\" loading=\"lazy\" class=\"alignnone wp-image-24\" src=\"http:\/\/www.sblapp.it\/bussola\/wp-content\/uploads\/2019\/02\/it-150x150.png\" alt=\"\" width=\"70\" height=\"70\" srcset=\"https:\/\/www.bussolacocktaillab.it\/wp-content\/uploads\/2019\/02\/it-150x150.png 150w, https:\/\/www.bussolacocktaillab.it\/wp-content\/uploads\/2019\/02\/it-100x100.png 100w, https:\/\/www.bussolacocktaillab.it\/wp-content\/uploads\/2019\/02\/it.png 217w\" sizes=\"(max-width: 70px) 100vw, 70px\" \/><\/a><\/p>\n<p>L\u2019avvicendarsi di teorie sulla nascita di questo cocktail, che si susseguono da 60 anni a questa parte, ne testimoniano la sua importanza storica.Se siete esperti di classici questo \u00e8 un drink tutto da riscoprire, pensate che la ricetta \u00e8 stata cambiata addirittura 4 volte nel corso degli anni! cocktail per esperti, grande l\u2019impronta del tequila stemperate dalla freschezza del lime, piacevole sia \u201cal naturale\u201d oppure con la sapidit\u00e0 del sale, scegliete voi!<\/p>\n<p>Ingredienti:<\/p>\n<ul>\n<li>tequila<\/li>\n<li>liquore d\u2019arance amare<\/li>\n<li>lime<\/li>\n<li>sale a piacere<\/li>\n<li>la mano del barman<\/li>\n<\/ul>\n<p><a href=\"http:\/\/www.sblapp.it\/bussola\/wp-content\/uploads\/2019\/02\/ge.png\"><img decoding=\"async\" loading=\"lazy\" class=\"alignnone wp-image-25\" src=\"http:\/\/www.sblapp.it\/bussola\/wp-content\/uploads\/2019\/02\/ge-150x150.png\" alt=\"\" width=\"70\" height=\"70\" srcset=\"https:\/\/www.bussolacocktaillab.it\/wp-content\/uploads\/2019\/02\/ge-150x150.png 150w, https:\/\/www.bussolacocktaillab.it\/wp-content\/uploads\/2019\/02\/ge-100x100.png 100w, https:\/\/www.bussolacocktaillab.it\/wp-content\/uploads\/2019\/02\/ge.png 217w\" sizes=\"(max-width: 70px) 100vw, 70px\" \/><\/a><\/p>\n<p>Es gibt viele Theorien zur Entstehung dieses Cocktails, die mehr als 60 Jahre zur\u00fcckreichen und seine Bedeutung historisch wiederspiegeln.<\/p>\n<p>Wenn sie sich bereits gut mit Klassikern auskennen ist dies der perfekte Drink um diese neu zu entdecken. Das Rezept hat sich in den vergangenen Jahren bereits vier mal ge\u00e4ndert.<\/p>\n<p>Cocktail f\u00fcr Experten mit einer starken Tequilla Note und exotisch erfrischender Limette.<\/p>\n<p>Nat\u00fcrlich genie\u00dfen oder gew\u00fcrzt mit Salz, entscheiden Sie selbst!<\/p>\n<p>Zutaten:<\/p>\n<ul>\n<li>Tequilla<\/li>\n<li>bitterer Orangen Lik\u00f6r<\/li>\n<li>Limette<\/li>\n<li>auf Wunsch etwas Salz<\/li>\n<li>\u2026Das Geschick des Barmanns<\/li>\n<\/ul>\n","protected":false},"excerpt":{"rendered":"<p>L\u2019avvicendarsi di teorie sulla nascita di questo cocktail, che si susseguono da 60 anni a questa parte, ne testimoniano la sua importanza storica.Se siete esperti di classici questo \u00e8 un drink tutto da riscoprire, pensate che la ricetta \u00e8 stata cambiata addirittura 4 volte nel corso degli anni! cocktail per esperti, grande l\u2019impronta del tequila [&#8230;]\n","protected":false},"featured_media":756,"template":"","meta":[],"_links":{"self":[{"href":"https:\/\/www.bussolacocktaillab.it\/index.php?rest_route=\/wp\/v2\/product\/76"}],"collection":[{"href":"https:\/\/www.bussolacocktaillab.it\/index.php?rest_route=\/wp\/v2\/product"}],"about":[{"href":"https:\/\/www.bussolacocktaillab.it\/index.php?rest_route=\/wp\/v2\/types\/product"}],"wp:featuredmedia":[{"embeddable":true,"href":"https:\/\/www.bussolacocktaillab.it\/index.php?rest_route=\/wp\/v2\/media\/756"}],"wp:attachment":[{"href":"https:\/\/www.bussolacocktaillab.it\/index.php?rest_route=%2Fwp%2Fv2%2Fmedia&parent=76"}],"curies":[{"name":"wp","href":"https:\/\/api.w.org\/{rel}","templated":true}]}}