{"id":61,"date":"2019-02-18T11:18:33","date_gmt":"2019-02-18T11:18:33","guid":{"rendered":"http:\/\/www.sblapp.it\/bussola\/?post_type=product&#038;p=61"},"modified":"2025-04-18T10:12:13","modified_gmt":"2025-04-18T10:12:13","slug":"americano-alla-cannella","status":"publish","type":"product","link":"https:\/\/www.bussolacocktaillab.it\/?product=americano-alla-cannella","title":{"rendered":"CINNAMON AMERICANO"},"content":{"rendered":"<p><a href=\"http:\/\/www.sblapp.it\/bussola\/wp-content\/uploads\/2019\/02\/it.png\"><img decoding=\"async\" loading=\"lazy\" class=\"alignnone wp-image-24\" src=\"http:\/\/www.sblapp.it\/bussola\/wp-content\/uploads\/2019\/02\/it-150x150.png\" alt=\"\" width=\"70\" height=\"70\" srcset=\"https:\/\/www.bussolacocktaillab.it\/wp-content\/uploads\/2019\/02\/it-150x150.png 150w, https:\/\/www.bussolacocktaillab.it\/wp-content\/uploads\/2019\/02\/it-100x100.png 100w, https:\/\/www.bussolacocktaillab.it\/wp-content\/uploads\/2019\/02\/it.png 217w\" sizes=\"(max-width: 70px) 100vw, 70px\" \/><\/a><\/p>\n<p>Le ultime tendenze nell&#8217;alimentazione hanno portato il mercato a muoversi verso altre culture,l&#8217;utilizzo di spezie dalle molteplici proprieta&#8217; e&#8217; sempre piu&#8217; diffuso e attuale&#8230; con questa premessa abbiamo deciso di creare una linea di aperitivi ispirati ad un grande classico: l&#8217;americano, dedicato ad un grande sportivo italiano del passato (primo carnera). utilizzando diverse spezie e abbinamenti di vermouth e bitter cambiano completamente di carattere e proprieta&#8217;&#8230; per questa versione la cannella e&#8217; il sentore predominante, utilizziamo un vermouth torinese il &#8220;riserva carlo alberto, che da un tono piu&#8217; delicato e speziato all&#8217;americano.<\/p>\n<p>Ingredienti:<\/p>\n<ul>\n<li>vermouth &#8220;riserva carlo alberto&#8221;<\/li>\n<li>bitter campari<\/li>\n<li>soda<\/li>\n<li>la mano del barman<\/li>\n<\/ul>\n<p><a href=\"http:\/\/www.sblapp.it\/bussola\/wp-content\/uploads\/2019\/02\/ge.png\"><img decoding=\"async\" loading=\"lazy\" class=\"alignnone wp-image-25\" src=\"http:\/\/www.sblapp.it\/bussola\/wp-content\/uploads\/2019\/02\/ge-150x150.png\" alt=\"\" width=\"70\" height=\"70\" srcset=\"https:\/\/www.bussolacocktaillab.it\/wp-content\/uploads\/2019\/02\/ge-150x150.png 150w, https:\/\/www.bussolacocktaillab.it\/wp-content\/uploads\/2019\/02\/ge-100x100.png 100w, https:\/\/www.bussolacocktaillab.it\/wp-content\/uploads\/2019\/02\/ge.png 217w\" sizes=\"(max-width: 70px) 100vw, 70px\" \/><\/a><\/p>\n<p>&nbsp;<\/p>\n<p>Die letzten Tendenzen in der Versorgung, haben den Markt dazu gebracht sich Richtung anderer Kulturen zu bewegen. Die Verwendung von mehreren Gew\u00fcrzen verschiedener Herkunft erfreut sich zunehmender Beliebtheit.<\/p>\n<p>Mit dieser Pr\u00e4misse haben wir uns entschieden eine Linie von Aperitifs, inspiriert von einem Klassiker, dem Americano, zu kreieren. Einem gro\u00dfen italienischen Sportler der Vergangenheit (Primo Carnera) gewidmet.<\/p>\n<p>Unter Verwendung diverser Gew\u00fcrze und Paarungen aus Wermut und Bitter ver\u00e4ndern sich Charakter und Geschmack v\u00f6llig. F\u00fcr diese Version ist der Zimt der Hauptgeschmacksbringer. Wir verwenden einen toriner Wermut, den \u201cRiserva Carlo Alberto\u201d, welcher einen milderen un w\u00fcrzigeren Geschmack f\u00fcr den Americano aufweist.<\/p>\n<p>Zutaten:<\/p>\n<ul>\n<li>Wermut (Riserva Carlo Alberto)<\/li>\n<li>Bitter Campari<\/li>\n<li>Soda<\/li>\n<li>\u2026Das Geschick des Barmanns<\/li>\n<\/ul>\n","protected":false},"excerpt":{"rendered":"<p>Le ultime tendenze nell&#8217;alimentazione hanno portato il mercato a muoversi verso altre culture,l&#8217;utilizzo di spezie dalle molteplici proprieta&#8217; e&#8217; sempre piu&#8217; diffuso e attuale&#8230; con questa premessa abbiamo deciso di creare una linea di aperitivi ispirati ad un grande classico: l&#8217;americano, dedicato ad un grande sportivo italiano del passato (primo carnera). utilizzando diverse spezie e [&#8230;]\n","protected":false},"featured_media":784,"template":"","meta":[],"_links":{"self":[{"href":"https:\/\/www.bussolacocktaillab.it\/index.php?rest_route=\/wp\/v2\/product\/61"}],"collection":[{"href":"https:\/\/www.bussolacocktaillab.it\/index.php?rest_route=\/wp\/v2\/product"}],"about":[{"href":"https:\/\/www.bussolacocktaillab.it\/index.php?rest_route=\/wp\/v2\/types\/product"}],"wp:featuredmedia":[{"embeddable":true,"href":"https:\/\/www.bussolacocktaillab.it\/index.php?rest_route=\/wp\/v2\/media\/784"}],"wp:attachment":[{"href":"https:\/\/www.bussolacocktaillab.it\/index.php?rest_route=%2Fwp%2Fv2%2Fmedia&parent=61"}],"curies":[{"name":"wp","href":"https:\/\/api.w.org\/{rel}","templated":true}]}}