{"id":204,"date":"2019-02-18T16:18:05","date_gmt":"2019-02-18T16:18:05","guid":{"rendered":"http:\/\/www.sblapp.it\/bussola\/?post_type=product&#038;p=204"},"modified":"2023-04-09T10:59:20","modified_gmt":"2023-04-09T10:59:20","slug":"sangria-bianca","status":"publish","type":"product","link":"https:\/\/www.bussolacocktaillab.it\/?product=sangria-bianca","title":{"rendered":"SANGRIA BIANCA DELLA SBL WORK ACADEMY"},"content":{"rendered":"<p><a href=\"http:\/\/www.sblapp.it\/bussola\/wp-content\/uploads\/2019\/02\/it.png\"><img decoding=\"async\" loading=\"lazy\" class=\"alignnone wp-image-24\" src=\"http:\/\/www.sblapp.it\/bussola\/wp-content\/uploads\/2019\/02\/it-150x150.png\" alt=\"\" width=\"70\" height=\"70\" srcset=\"https:\/\/www.bussolacocktaillab.it\/wp-content\/uploads\/2019\/02\/it-150x150.png 150w, https:\/\/www.bussolacocktaillab.it\/wp-content\/uploads\/2019\/02\/it-100x100.png 100w, https:\/\/www.bussolacocktaillab.it\/wp-content\/uploads\/2019\/02\/it.png 217w\" sizes=\"(max-width: 70px) 100vw, 70px\" \/><\/a><\/p>\n<p>Nostro cavallo di battaglia, la sangria bianca al prosecco e maracuja, rappresenta un cocktail vincente, fresco, da bere assolutamente in compagnia; Una sorta di mangia e bevi con tanta frutta di stagione immersa in una soluzione di liquori e distillati opportunamente miscelati e fatti macerare con spezie orientali, per poi essere allungati con un ottimo prosecco docg di Valdobbiadene, dando al drink freschezza e briosita\u2019.<br \/>\nImportante alcolicita\u2019 mascherata dalla dolcezza del cocktail. Consigliamo un massimo di due drink a persona!!!!!<\/p>\n<p>Ingredienti:<\/p>\n<ul>\n<li>macerazione di frutta fresca di stagione<\/li>\n<li>distillati e liquori<\/li>\n<li>maracuja<\/li>\n<li>prosecco docg<\/li>\n<\/ul>\n<p><a href=\"http:\/\/www.sblapp.it\/bussola\/wp-content\/uploads\/2019\/02\/ge.png\"><img decoding=\"async\" loading=\"lazy\" class=\"alignnone wp-image-25\" src=\"http:\/\/www.sblapp.it\/bussola\/wp-content\/uploads\/2019\/02\/ge-150x150.png\" alt=\"\" width=\"70\" height=\"70\" srcset=\"https:\/\/www.bussolacocktaillab.it\/wp-content\/uploads\/2019\/02\/ge-150x150.png 150w, https:\/\/www.bussolacocktaillab.it\/wp-content\/uploads\/2019\/02\/ge-100x100.png 100w, https:\/\/www.bussolacocktaillab.it\/wp-content\/uploads\/2019\/02\/ge.png 217w\" sizes=\"(max-width: 70px) 100vw, 70px\" \/><\/a><\/p>\n<p>Unser Schlachtross, die wei\u00dfe Sangria mit Prosecco und Maracuja, repr\u00e4sentiert einen frischen Cocktail zum gemeinsamen genie\u00dfen.<\/p>\n<p>Mit den vielen saisonalen Fr\u00fcchten wirkt er fasst wie eine Art Fruchtbecher eingelegt in einer L\u00f6sung aus Lik\u00f6ren und Destillaten, abgeschmeckt mit orientalischen Gew\u00fcrzen. Anschlie\u00dfend mit einem k\u00f6stlichen DOCG Di Valdobbiadene Prosecco verl\u00e4ngert, welcher dem Drink Frische und Lebhaftigkeit verleiht.<\/p>\n<p>Starke alkoholische Note, versteckt durch die S\u00fc\u00dfe des Cocktails. Wir empfehlen ein Maximum von zwei pro Person!<\/p>\n<p>Zutaten:<\/p>\n<ul>\n<li>Destillate und Lik\u00f6re<\/li>\n<li>eingelegte frische saisonale Fr\u00fcchte<\/li>\n<li>Maracuja<\/li>\n<li>Prosecco DOCG<\/li>\n<li>\u2026Das Geschick des Barmanns<\/li>\n<\/ul>\n","protected":false},"excerpt":{"rendered":"<p>Nostro cavallo di battaglia, la sangria bianca al prosecco e maracuja, rappresenta un cocktail vincente, fresco, da bere assolutamente in compagnia; Una sorta di mangia e bevi con tanta frutta di stagione immersa in una soluzione di liquori e distillati opportunamente miscelati e fatti macerare con spezie orientali, per poi essere allungati con un ottimo [&#8230;]\n","protected":false},"featured_media":773,"template":"","meta":[],"_links":{"self":[{"href":"https:\/\/www.bussolacocktaillab.it\/index.php?rest_route=\/wp\/v2\/product\/204"}],"collection":[{"href":"https:\/\/www.bussolacocktaillab.it\/index.php?rest_route=\/wp\/v2\/product"}],"about":[{"href":"https:\/\/www.bussolacocktaillab.it\/index.php?rest_route=\/wp\/v2\/types\/product"}],"wp:featuredmedia":[{"embeddable":true,"href":"https:\/\/www.bussolacocktaillab.it\/index.php?rest_route=\/wp\/v2\/media\/773"}],"wp:attachment":[{"href":"https:\/\/www.bussolacocktaillab.it\/index.php?rest_route=%2Fwp%2Fv2%2Fmedia&parent=204"}],"curies":[{"name":"wp","href":"https:\/\/api.w.org\/{rel}","templated":true}]}}