{"id":1371,"date":"2020-10-14T10:55:56","date_gmt":"2020-10-14T10:55:56","guid":{"rendered":"https:\/\/www.bussolacocktaillab.it\/?post_type=product&#038;p=1371"},"modified":"2023-04-09T10:46:24","modified_gmt":"2023-04-09T10:46:24","slug":"negroni-sbagliato","status":"publish","type":"product","link":"https:\/\/www.bussolacocktaillab.it\/?product=negroni-sbagliato","title":{"rendered":"NEGRONI SBAGLIATO"},"content":{"rendered":"<p>&nbsp;<\/p>\n<div class=\"cocktail-title\">\n<div><a href=\"https:\/\/www.bussolacocktaillab.it\/wp-content\/uploads\/2020\/10\/BANDIERA-ITALIANA-SFERICA.jpg\"><img decoding=\"async\" loading=\"lazy\" class=\"alignnone wp-image-1341\" src=\"https:\/\/www.bussolacocktaillab.it\/wp-content\/uploads\/2020\/10\/BANDIERA-ITALIANA-SFERICA.jpg\" alt=\"\" width=\"99\" height=\"99\" srcset=\"https:\/\/www.bussolacocktaillab.it\/wp-content\/uploads\/2020\/10\/BANDIERA-ITALIANA-SFERICA.jpg 196w, https:\/\/www.bussolacocktaillab.it\/wp-content\/uploads\/2020\/10\/BANDIERA-ITALIANA-SFERICA-150x150.jpg 150w, https:\/\/www.bussolacocktaillab.it\/wp-content\/uploads\/2020\/10\/BANDIERA-ITALIANA-SFERICA-100x100.jpg 100w\" sizes=\"(max-width: 99px) 100vw, 99px\" \/><\/a><\/div>\n<div class=\"cocktail-title\"><span class=\"cocktail-name\">NEGRONI SBAGLIATO<\/span><\/div>\n<\/div>\n<div class=\"cocktail-description\">\n<div class=\"clearfix text-formatted field field--name-field-cocktail-description field--type-text-long field--label-hidden field__item\">\n<p>Nel 1972, Mirko Stocchetto del Bar Basso di Milano aggiunse per sbaglio dello spumante brut al posto del gin in un Negroni. Realizz\u00f2\u00a0cos\u00ec che quella variante poteva avere un senso e cos\u00ec questo errore port\u00f2 alla creazione di un classic cocktail, ancora oggi apprezzato in tutto il mondo.\u00a0Ideale per chi ama le \u201cbollicine\u201d senza dover rinunciare al gusto deciso e ricco del Negroni.<\/p>\n<p>Ingredienti :<\/p>\n<ul>\n<li>Bitter Campari<\/li>\n<li>Vermouth Rosso Cinzano 1757<\/li>\n<li>Pinot Chardonnay Cinzano<\/li>\n<li>La mano del Barman&#8230;&#8230;&#8230;&#8230;&#8230;&#8230;&#8230;<\/li>\n<\/ul>\n<\/div>\n<\/div>\n","protected":false},"excerpt":{"rendered":"<p>&nbsp; NEGRONI SBAGLIATO Nel 1972, Mirko Stocchetto del Bar Basso di Milano aggiunse per sbaglio dello spumante brut al posto del gin in un Negroni. Realizz\u00f2\u00a0cos\u00ec che quella variante poteva avere un senso e cos\u00ec questo errore port\u00f2 alla creazione di un classic cocktail, ancora oggi apprezzato in tutto il mondo.\u00a0Ideale per chi ama le [&#8230;]\n","protected":false},"featured_media":1525,"template":"","meta":[],"_links":{"self":[{"href":"https:\/\/www.bussolacocktaillab.it\/index.php?rest_route=\/wp\/v2\/product\/1371"}],"collection":[{"href":"https:\/\/www.bussolacocktaillab.it\/index.php?rest_route=\/wp\/v2\/product"}],"about":[{"href":"https:\/\/www.bussolacocktaillab.it\/index.php?rest_route=\/wp\/v2\/types\/product"}],"wp:featuredmedia":[{"embeddable":true,"href":"https:\/\/www.bussolacocktaillab.it\/index.php?rest_route=\/wp\/v2\/media\/1525"}],"wp:attachment":[{"href":"https:\/\/www.bussolacocktaillab.it\/index.php?rest_route=%2Fwp%2Fv2%2Fmedia&parent=1371"}],"curies":[{"name":"wp","href":"https:\/\/api.w.org\/{rel}","templated":true}]}}