{"id":115,"date":"2019-02-18T13:21:01","date_gmt":"2019-02-18T13:21:01","guid":{"rendered":"http:\/\/www.sblapp.it\/bussola\/?post_type=product&#038;p=115"},"modified":"2023-04-09T11:00:11","modified_gmt":"2023-04-09T11:00:11","slug":"tequila-sunrise","status":"publish","type":"product","link":"https:\/\/www.bussolacocktaillab.it\/?product=tequila-sunrise","title":{"rendered":"TEQUILA SUNRISE"},"content":{"rendered":"<p><a href=\"http:\/\/www.sblapp.it\/bussola\/wp-content\/uploads\/2019\/02\/it.png\"><img decoding=\"async\" loading=\"lazy\" class=\"alignnone wp-image-24\" src=\"http:\/\/www.sblapp.it\/bussola\/wp-content\/uploads\/2019\/02\/it-150x150.png\" alt=\"\" width=\"70\" height=\"70\" srcset=\"https:\/\/www.bussolacocktaillab.it\/wp-content\/uploads\/2019\/02\/it-150x150.png 150w, https:\/\/www.bussolacocktaillab.it\/wp-content\/uploads\/2019\/02\/it-100x100.png 100w, https:\/\/www.bussolacocktaillab.it\/wp-content\/uploads\/2019\/02\/it.png 217w\" sizes=\"(max-width: 70px) 100vw, 70px\" \/><\/a><\/p>\n<p>Il primo cocktail denominato tequila sunrise risale alla fine degli anni 30, ideato da un barman dell\u2019arizona gene sulit, per un suo cliente abituale, il quale era di ritorno da una gita dove fu colpito dall\u2019alba sul deserto , arrivato al bar chiese una bevanda dissetante a base di tequila, sulit creo\u2019 il cocktail chiamandolo ovviamente tequila sunrise!! Per gli amanti del distillato d\u2019agave, drink dissetante e fresco, reso piacevole al palato e alla vista, dalla presenza dello sciroppo di granatina in sospensione!!!<\/p>\n<p>Ingredienti:<\/p>\n<ul>\n<li>tequila blanco<\/li>\n<li>succo arancia fresca<\/li>\n<li>sciroppo granatina<\/li>\n<li>la mano del barman<\/li>\n<\/ul>\n<p><a href=\"http:\/\/www.sblapp.it\/bussola\/wp-content\/uploads\/2019\/02\/ge.png\"><img decoding=\"async\" loading=\"lazy\" class=\"alignnone wp-image-25\" src=\"http:\/\/www.sblapp.it\/bussola\/wp-content\/uploads\/2019\/02\/ge-150x150.png\" alt=\"\" width=\"70\" height=\"70\" srcset=\"https:\/\/www.bussolacocktaillab.it\/wp-content\/uploads\/2019\/02\/ge-150x150.png 150w, https:\/\/www.bussolacocktaillab.it\/wp-content\/uploads\/2019\/02\/ge-100x100.png 100w, https:\/\/www.bussolacocktaillab.it\/wp-content\/uploads\/2019\/02\/ge.png 217w\" sizes=\"(max-width: 70px) 100vw, 70px\" \/><\/a><\/p>\n<p>Der erste Cocktail mit dem Namen Tequila Sunrise wurde bereits zum Ende der 30er Jahre von Barmann Gene Sulit aus Arizona f\u00fcr einen seiner Stammkunden kreiert. Der Kunde war grade von einem Ausflug zur\u00fcckgekehrt wo er den Sonnenaufgang in der W\u00fcste beobachten konnte und fragte nun nach einem erfrischenden Drink auf Tequilla basis.<\/p>\n<p>Sulit kreierte seinem Kunden einen Cocktail und gab ihm den Namen Tequilla Sunrise.<\/p>\n<p>F\u00fcr alle Liebhaber des Agaven Destillats. Erfrischender, belebender Drink f\u00fcr Gaumen und Augen. Der Grenadine scheint \u00fcber dem restlichen Drink zu schweben.<\/p>\n<p>Zutaten:<\/p>\n<ul>\n<li>\u00a0Wei\u00dfer Tequilla<\/li>\n<li>frischer Orangensaft<\/li>\n<li>Grenadine<\/li>\n<li>\u2026Das Geschick des Barmanns<\/li>\n<\/ul>\n","protected":false},"excerpt":{"rendered":"<p>Il primo cocktail denominato tequila sunrise risale alla fine degli anni 30, ideato da un barman dell\u2019arizona gene sulit, per un suo cliente abituale, il quale era di ritorno da una gita dove fu colpito dall\u2019alba sul deserto , arrivato al bar chiese una bevanda dissetante a base di tequila, sulit creo\u2019 il cocktail chiamandolo [&#8230;]\n","protected":false},"featured_media":776,"template":"","meta":[],"_links":{"self":[{"href":"https:\/\/www.bussolacocktaillab.it\/index.php?rest_route=\/wp\/v2\/product\/115"}],"collection":[{"href":"https:\/\/www.bussolacocktaillab.it\/index.php?rest_route=\/wp\/v2\/product"}],"about":[{"href":"https:\/\/www.bussolacocktaillab.it\/index.php?rest_route=\/wp\/v2\/types\/product"}],"wp:featuredmedia":[{"embeddable":true,"href":"https:\/\/www.bussolacocktaillab.it\/index.php?rest_route=\/wp\/v2\/media\/776"}],"wp:attachment":[{"href":"https:\/\/www.bussolacocktaillab.it\/index.php?rest_route=%2Fwp%2Fv2%2Fmedia&parent=115"}],"curies":[{"name":"wp","href":"https:\/\/api.w.org\/{rel}","templated":true}]}}