{"id":112,"date":"2019-02-18T13:17:15","date_gmt":"2019-02-18T13:17:15","guid":{"rendered":"http:\/\/www.sblapp.it\/bussola\/?post_type=product&#038;p=112"},"modified":"2024-07-14T12:17:44","modified_gmt":"2024-07-14T12:17:44","slug":"sex-on-the-beach","status":"publish","type":"product","link":"https:\/\/www.bussolacocktaillab.it\/?product=sex-on-the-beach","title":{"rendered":"SEX ON THE BEACH"},"content":{"rendered":"<p><a href=\"http:\/\/www.sblapp.it\/bussola\/wp-content\/uploads\/2019\/02\/it.png\"><img decoding=\"async\" loading=\"lazy\" class=\"alignnone wp-image-24\" src=\"http:\/\/www.sblapp.it\/bussola\/wp-content\/uploads\/2019\/02\/it-150x150.png\" alt=\"\" width=\"70\" height=\"70\" srcset=\"https:\/\/www.bussolacocktaillab.it\/wp-content\/uploads\/2019\/02\/it-150x150.png 150w, https:\/\/www.bussolacocktaillab.it\/wp-content\/uploads\/2019\/02\/it-100x100.png 100w, https:\/\/www.bussolacocktaillab.it\/wp-content\/uploads\/2019\/02\/it.png 217w\" sizes=\"(max-width: 70px) 100vw, 70px\" \/><\/a><\/p>\n<p>La storia di questo drink e\u2019 piuttosto nebulosa da definire. intorno agli anni settanta ottanta si incominciarono a bere cocktail fruttati, ma nessuno si permise in quei tempi di utilizzare la parola sex, risultava sconveniente tra i locali statunitensi. Ideatore di questo drink fu un certo ted pizio residente in florida, inizialmente chiamo\u2019 il drink peach on the beach, ma con il passare del tempo, quando chiedeva ai giovani clienti il motivo per il quale venivano in vacanza in florida, loro gli rispondevano per spiaggia ( beach ) e sesso ( sex ); da quel momento decise di chiamare definitivamente La sua creazione: sex on the beach, noi ve la proponiamo in questa versione adatta a tutte le ore della giornata:<\/p>\n<p>Ingredienti:<\/p>\n<ul>\n<li>vodka<\/li>\n<li>liquore alla pesca<\/li>\n<li>succo arancia<\/li>\n<li>melograno<\/li>\n<li>la mano del barman<\/li>\n<\/ul>\n<p><a href=\"http:\/\/www.sblapp.it\/bussola\/wp-content\/uploads\/2019\/02\/ge.png\"><img decoding=\"async\" loading=\"lazy\" class=\"alignnone wp-image-25\" src=\"http:\/\/www.sblapp.it\/bussola\/wp-content\/uploads\/2019\/02\/ge-150x150.png\" alt=\"\" width=\"70\" height=\"70\" srcset=\"https:\/\/www.bussolacocktaillab.it\/wp-content\/uploads\/2019\/02\/ge-150x150.png 150w, https:\/\/www.bussolacocktaillab.it\/wp-content\/uploads\/2019\/02\/ge-100x100.png 100w, https:\/\/www.bussolacocktaillab.it\/wp-content\/uploads\/2019\/02\/ge.png 217w\" sizes=\"(max-width: 70px) 100vw, 70px\" \/><\/a><\/p>\n<p>Die Geschichte dieses Drinks ist gr\u00f6\u00dftenteils unklar. Rund um die 70\/80er Jahre fing man langsam an Cocktails mit Fr\u00fcchten zu trinken, aber niemand wagte es zu dieser Zeit in diesem zusammenhang das Wort \u201cSex\u201d zu gebrauchen.<\/p>\n<p>Der Sch\u00f6pfer dieses Drinks, ein gewisser Ted Pizio aus Florida, nannte ihn Anfangs \u201cPeach on the Beach\u201d. Aber im laufe der Zeit fragte er junge Touristen was sie an Florida sch\u00e4tzen w\u00fcrden. Diese Antworteten sie k\u00e4men f\u00fcr den Strand (Beach) und den Sex. Daraufhin beschloss er endg\u00fcltig seine Kreation \u201cSex on the Beach\u201d zu nennen.<\/p>\n<p>Wir bieten Ihnen den Cocktail in einer f\u00fcr jede Tageszeit angebrachten Version an.<\/p>\n<p>Zutaten:<\/p>\n<ul>\n<li>Wodka<\/li>\n<li>Pfirsichlik\u00f6r<\/li>\n<li>Orangensaft<\/li>\n<li>Granatapfel<\/li>\n<li>\u2026Das Geschick des Barmanns<\/li>\n<\/ul>\n","protected":false},"excerpt":{"rendered":"<p>La storia di questo drink e\u2019 piuttosto nebulosa da definire. intorno agli anni settanta ottanta si incominciarono a bere cocktail fruttati, ma nessuno si permise in quei tempi di utilizzare la parola sex, risultava sconveniente tra i locali statunitensi. Ideatore di questo drink fu un certo ted pizio residente in florida, inizialmente chiamo\u2019 il drink [&#8230;]\n","protected":false},"featured_media":774,"template":"","meta":[],"_links":{"self":[{"href":"https:\/\/www.bussolacocktaillab.it\/index.php?rest_route=\/wp\/v2\/product\/112"}],"collection":[{"href":"https:\/\/www.bussolacocktaillab.it\/index.php?rest_route=\/wp\/v2\/product"}],"about":[{"href":"https:\/\/www.bussolacocktaillab.it\/index.php?rest_route=\/wp\/v2\/types\/product"}],"wp:featuredmedia":[{"embeddable":true,"href":"https:\/\/www.bussolacocktaillab.it\/index.php?rest_route=\/wp\/v2\/media\/774"}],"wp:attachment":[{"href":"https:\/\/www.bussolacocktaillab.it\/index.php?rest_route=%2Fwp%2Fv2%2Fmedia&parent=112"}],"curies":[{"name":"wp","href":"https:\/\/api.w.org\/{rel}","templated":true}]}}